{"id":2406,"date":"2020-10-28T01:53:33","date_gmt":"2020-10-28T00:53:33","guid":{"rendered":"https:\/\/www.adn-crea.com\/?page_id=2406"},"modified":"2025-04-26T06:05:05","modified_gmt":"2025-04-26T05:05:05","slug":"offre-speciale","status":"publish","type":"page","link":"https:\/\/www.adn-crea.com\/en\/offre-speciale\/","title":{"rendered":"Offre Sp\u00e9ciale-covid19"},"content":{"rendered":"<div id='av_section_1'  class='avia-section main_color avia-section-no-padding avia-no-border-styling  avia-full-stretch avia-bg-style-scroll  avia-builder-el-0  avia-builder-el-no-sibling   container_wrap sidebar_right lazyload' style='background-repeat: no-repeat; background-image:inherit;background-attachment: scroll; background-position: center center;  '  data-section-bg-repeat='stretch' data-bg-image='url(https:\/\/www.adn-crea.com\/wp-content\/uploads\/2020\/11\/pexels-iliescu-victor-306198-1500x844.jpg)'><div class='container' ><main  role=\"main\" itemprop=\"mainContentOfPage\"  class='template-page content  av-content-small alpha units'><div class='post-entry post-entry-type-page post-entry-2406'><div class='entry-content-wrapper clearfix'>\n<div class=\"flex_column av_one_fifth  flex_column_div av-zero-column-padding first  avia-builder-el-1  el_before_av_three_fifth  avia-builder-el-first\" style='border-radius:0px; '><\/div><div class=\"flex_column av_three_fifth  flex_column_div av-zero-column-padding   avia-builder-el-2  el_after_av_one_fifth  el_before_av_one_fifth\" style='border-radius:0px; '><\/div><div class=\"flex_column av_one_fifth  flex_column_div av-zero-column-padding   avia-builder-el-4  el_after_av_three_fifth  avia-builder-el-last\" style='border-radius:0px; '><\/div><\/div><\/div><\/main><!-- close content main element --><\/div><\/div><div id='after_section_1'  class='main_color av_default_container_wrap container_wrap sidebar_right' style=' '  ><div class='container' ><div class='template-page content  av-content-small alpha units'><div class='post-entry post-entry-type-page post-entry-2406'><div class='entry-content-wrapper clearfix'>","protected":false},"excerpt":{"rendered":"","protected":false},"author":2,"featured_media":0,"parent":0,"menu_order":13,"comment_status":"closed","ping_status":"closed","template":"","meta":{"_monsterinsights_skip_tracking":false,"_monsterinsights_sitenote_active":false,"_monsterinsights_sitenote_note":"","_monsterinsights_sitenote_category":0,"footnotes":""},"class_list":["post-2406","page","type-page","status-publish","hentry"],"yoast_head":"<!-- This site is optimized with the Yoast SEO plugin v26.4 - https:\/\/yoast.com\/wordpress\/plugins\/seo\/ -->\n<title>Offre Sp\u00e9ciale-covid19 | ADN CREA<\/title>\n<meta name=\"description\" content=\"Une agence de communication qualifi\u00e9e pour le d\u00e9veloppement de vos projets graphique, web et multim\u00e9dia .\" \/>\n<meta name=\"robots\" content=\"noindex, nofollow\" \/>\n<meta property=\"og:locale\" content=\"en_GB\" \/>\n<meta property=\"og:type\" content=\"article\" \/>\n<meta property=\"og:title\" content=\"Offre Sp\u00e9ciale-covid19 | ADN CREA\" \/>\n<meta property=\"og:description\" content=\"Une agence de communication qualifi\u00e9e pour le d\u00e9veloppement de vos projets graphique, web et multim\u00e9dia .\" \/>\n<meta property=\"og:url\" content=\"https:\/\/www.adn-crea.com\/en\/offre-speciale\/\" \/>\n<meta property=\"og:site_name\" content=\"ADN CREA\" \/>\n<meta property=\"article:publisher\" content=\"https:\/\/www.facebook.com\/agenceadncrea\" \/>\n<meta property=\"article:modified_time\" content=\"2025-04-26T05:05:05+00:00\" \/>\n<meta property=\"og:image\" content=\"https:\/\/adn-crea.com\/mailing\/logo-adn-crea.jpg\" \/>\n<meta name=\"twitter:card\" content=\"summary_large_image\" \/>\n<meta name=\"twitter:label1\" content=\"Estimated reading time\" \/>\n\t<meta name=\"twitter:data1\" content=\"4 minutes\" \/>\n<script type=\"application\/ld+json\" class=\"yoast-schema-graph\">{\"@context\":\"https:\/\/schema.org\",\"@graph\":[{\"@type\":\"WebPage\",\"@id\":\"https:\/\/www.adn-crea.com\/offre-speciale\/\",\"url\":\"https:\/\/www.adn-crea.com\/offre-speciale\/\",\"name\":\"Offre Sp\u00e9ciale-covid19 | ADN CREA\",\"isPartOf\":{\"@id\":\"https:\/\/www.adn-crea.com\/#website\"},\"primaryImageOfPage\":{\"@id\":\"https:\/\/www.adn-crea.com\/offre-speciale\/#primaryimage\"},\"image\":{\"@id\":\"https:\/\/www.adn-crea.com\/offre-speciale\/#primaryimage\"},\"thumbnailUrl\":\"https:\/\/adn-crea.com\/mailing\/logo-adn-crea.jpg\",\"datePublished\":\"2020-10-28T00:53:33+00:00\",\"dateModified\":\"2025-04-26T05:05:05+00:00\",\"description\":\"Une agence de communication qualifi\u00e9e pour le d\u00e9veloppement de vos projets graphique, web et multim\u00e9dia .\",\"inLanguage\":\"en-GB\",\"potentialAction\":[{\"@type\":\"ReadAction\",\"target\":[\"https:\/\/www.adn-crea.com\/offre-speciale\/\"]}]},{\"@type\":\"ImageObject\",\"inLanguage\":\"en-GB\",\"@id\":\"https:\/\/www.adn-crea.com\/offre-speciale\/#primaryimage\",\"url\":\"https:\/\/adn-crea.com\/mailing\/logo-adn-crea.jpg\",\"contentUrl\":\"https:\/\/adn-crea.com\/mailing\/logo-adn-crea.jpg\"},{\"@type\":\"WebSite\",\"@id\":\"https:\/\/www.adn-crea.com\/#website\",\"url\":\"https:\/\/www.adn-crea.com\/\",\"name\":\"adn-crea.com\",\"description\":\"Neurones Creatives\",\"publisher\":{\"@id\":\"https:\/\/www.adn-crea.com\/#organization\"},\"alternateName\":\"ADN CREA\",\"potentialAction\":[{\"@type\":\"SearchAction\",\"target\":{\"@type\":\"EntryPoint\",\"urlTemplate\":\"https:\/\/www.adn-crea.com\/?s={search_term_string}\"},\"query-input\":{\"@type\":\"PropertyValueSpecification\",\"valueRequired\":true,\"valueName\":\"search_term_string\"}}],\"inLanguage\":\"en-GB\"},{\"@type\":\"Organization\",\"@id\":\"https:\/\/www.adn-crea.com\/#organization\",\"name\":\"ADN CREA\",\"url\":\"https:\/\/www.adn-crea.com\/\",\"logo\":{\"@type\":\"ImageObject\",\"inLanguage\":\"en-GB\",\"@id\":\"https:\/\/www.adn-crea.com\/#\/schema\/logo\/image\/\",\"url\":\"https:\/\/www.adn-crea.com\/wp-content\/uploads\/2020\/11\/logo-adn-bw-3.png\",\"contentUrl\":\"https:\/\/www.adn-crea.com\/wp-content\/uploads\/2020\/11\/logo-adn-bw-3.png\",\"width\":588,\"height\":588,\"caption\":\"ADN CREA\"},\"image\":{\"@id\":\"https:\/\/www.adn-crea.com\/#\/schema\/logo\/image\/\"},\"sameAs\":[\"https:\/\/www.facebook.com\/agenceadncrea\",\"https:\/\/www.instagram.com\/adncrea216\/\"]}]}<\/script>\n<!-- \/ Yoast SEO plugin. -->","yoast_head_json":{"title":"Offre Sp\u00e9ciale-covid19 | ADN CREA","description":"A qualified communication agency for the development of your graphic, web and multimedia projects. .","robots":{"index":"noindex","follow":"nofollow"},"og_locale":"en_GB","og_type":"article","og_title":"Offre Sp\u00e9ciale-covid19 | ADN CREA","og_description":"Une agence de communication qualifi\u00e9e pour le d\u00e9veloppement de vos projets graphique, web et multim\u00e9dia .","og_url":"https:\/\/www.adn-crea.com\/en\/offre-speciale\/","og_site_name":"ADN CREA","article_publisher":"https:\/\/www.facebook.com\/agenceadncrea","article_modified_time":"2025-04-26T05:05:05+00:00","og_image":[{"url":"https:\/\/adn-crea.com\/mailing\/logo-adn-crea.jpg","type":"","width":"","height":""}],"twitter_card":"summary_large_image","twitter_misc":{"Estimated reading time":"4 minutes"},"schema":{"@context":"https:\/\/schema.org","@graph":[{"@type":"WebPage","@id":"https:\/\/www.adn-crea.com\/offre-speciale\/","url":"https:\/\/www.adn-crea.com\/offre-speciale\/","name":"Offre Sp\u00e9ciale-covid19 | ADN CREA","isPartOf":{"@id":"https:\/\/www.adn-crea.com\/#website"},"primaryImageOfPage":{"@id":"https:\/\/www.adn-crea.com\/offre-speciale\/#primaryimage"},"image":{"@id":"https:\/\/www.adn-crea.com\/offre-speciale\/#primaryimage"},"thumbnailUrl":"https:\/\/adn-crea.com\/mailing\/logo-adn-crea.jpg","datePublished":"2020-10-28T00:53:33+00:00","dateModified":"2025-04-26T05:05:05+00:00","description":"A qualified communication agency for the development of your graphic, web and multimedia projects. .","inLanguage":"en-GB","potentialAction":[{"@type":"ReadAction","target":["https:\/\/www.adn-crea.com\/offre-speciale\/"]}]},{"@type":"ImageObject","inLanguage":"en-GB","@id":"https:\/\/www.adn-crea.com\/offre-speciale\/#primaryimage","url":"https:\/\/adn-crea.com\/mailing\/logo-adn-crea.jpg","contentUrl":"https:\/\/adn-crea.com\/mailing\/logo-adn-crea.jpg"},{"@type":"WebSite","@id":"https:\/\/www.adn-crea.com\/#website","url":"https:\/\/www.adn-crea.com\/","name":"adn-crea.com","description":"Creative Neurons","publisher":{"@id":"https:\/\/www.adn-crea.com\/#organization"},"alternateName":"ADN CREA","potentialAction":[{"@type":"SearchAction","target":{"@type":"EntryPoint","urlTemplate":"https:\/\/www.adn-crea.com\/?s={search_term_string}"},"query-input":{"@type":"PropertyValueSpecification","valueRequired":true,"valueName":"search_term_string"}}],"inLanguage":"en-GB"},{"@type":"Organization","@id":"https:\/\/www.adn-crea.com\/#organization","name":"CREA DNA","url":"https:\/\/www.adn-crea.com\/","logo":{"@type":"ImageObject","inLanguage":"en-GB","@id":"https:\/\/www.adn-crea.com\/#\/schema\/logo\/image\/","url":"https:\/\/www.adn-crea.com\/wp-content\/uploads\/2020\/11\/logo-adn-bw-3.png","contentUrl":"https:\/\/www.adn-crea.com\/wp-content\/uploads\/2020\/11\/logo-adn-bw-3.png","width":588,"height":588,"caption":"ADN CREA"},"image":{"@id":"https:\/\/www.adn-crea.com\/#\/schema\/logo\/image\/"},"sameAs":["https:\/\/www.facebook.com\/agenceadncrea","https:\/\/www.instagram.com\/adncrea216\/"]}]}},"_links":{"self":[{"href":"https:\/\/www.adn-crea.com\/en\/wp-json\/wp\/v2\/pages\/2406","targetHints":{"allow":["GET"]}}],"collection":[{"href":"https:\/\/www.adn-crea.com\/en\/wp-json\/wp\/v2\/pages"}],"about":[{"href":"https:\/\/www.adn-crea.com\/en\/wp-json\/wp\/v2\/types\/page"}],"author":[{"embeddable":true,"href":"https:\/\/www.adn-crea.com\/en\/wp-json\/wp\/v2\/users\/2"}],"replies":[{"embeddable":true,"href":"https:\/\/www.adn-crea.com\/en\/wp-json\/wp\/v2\/comments?post=2406"}],"version-history":[{"count":45,"href":"https:\/\/www.adn-crea.com\/en\/wp-json\/wp\/v2\/pages\/2406\/revisions"}],"predecessor-version":[{"id":2451,"href":"https:\/\/www.adn-crea.com\/en\/wp-json\/wp\/v2\/pages\/2406\/revisions\/2451"}],"wp:attachment":[{"href":"https:\/\/www.adn-crea.com\/en\/wp-json\/wp\/v2\/media?parent=2406"}],"curies":[{"name":"wp","href":"https:\/\/api.w.org\/{rel}","templated":true}]}}